{"id":33,"date":"2021-11-27T22:42:01","date_gmt":"2021-11-27T22:42:01","guid":{"rendered":"https:\/\/plumber-gp.wordifysites.com\/?page_id=33"},"modified":"2023-10-11T12:09:14","modified_gmt":"2023-10-11T10:09:14","slug":"team","status":"publish","type":"page","link":"https:\/\/avis.strefa.pl\/index.php\/team\/","title":{"rendered":"Wynajem zwy\u017cki"},"content":{"rendered":"<section class=\"gb-container gb-container-fe6b4557\">\n\n<h2 class=\"gb-headline gb-headline-15114fa3\"><span class=\"gb-icon\"><svg xmlns=\"http:\/\/www.w3.org\/2000\/svg\" width=\"16\" height=\"16\" class=\"bi bi-dash\" viewBox=\"0 0 16 16\">   <path d=\"M4 8a.5.5 0 0 1 .5-.5h7a.5.5 0 0 1 0 1h-7A.5.5 0 0 1 4 8z\"><\/path> <\/svg><\/span><span class=\"gb-headline-text\">PODno\u015bnik koszowy<\/span><\/h2>\n\n\n\n<p class=\"gb-headline gb-headline-d99fbab7 gb-headline-text\">Zajmujemy si\u0119 pracami z wykorzystaniem podno\u015bnika koszowego do wysoko\u015bci 12 m.<\/p>\n\n<\/section>\n\n<section class=\"gb-container gb-container-d1d23a6f\">\n<div class=\"gb-container gb-container-f79d6da5\">\n<div class=\"gb-grid-wrapper gb-grid-wrapper-9254f705\">\n<div class=\"gb-grid-column gb-grid-column-afd94493\"><div class=\"gb-container gb-container-afd94493\">\n\n<p class=\"gb-headline gb-headline-fe428901 gb-headline-text\"><\/p>\n\n<\/div><\/div>\n\n<div class=\"gb-grid-column gb-grid-column-afb64059\"><div class=\"gb-container gb-container-afb64059\">\n\n<p class=\"gb-headline gb-headline-ef5823c5 gb-headline-text\"><\/p>\n\n<\/div><\/div>\n\n<div class=\"gb-grid-column gb-grid-column-12474a2d\"><div class=\"gb-container gb-container-12474a2d\">\n\n<p class=\"gb-headline gb-headline-7fbac11c gb-headline-text\"><\/p>\n\n<\/div><\/div>\n<\/div>\n<\/div>\n<\/section>\n\n<section class=\"gb-container gb-container-8d87f4f0\">\n<div class=\"gb-grid-wrapper gb-grid-wrapper-f563e5a6\">\n<div class=\"gb-grid-column gb-grid-column-44157017\"><div class=\"gb-container gb-container-44157017\"><\/div><\/div>\n\n<div class=\"gb-grid-column gb-grid-column-37b7f52c\"><div class=\"gb-container gb-container-37b7f52c\">\n\n<h2 class=\"gb-headline gb-headline-4d1b657e gb-headline-text\">Dane techniczne<\/h2>\n\n\n\n<p class=\"gb-headline gb-headline-01658426 gb-headline-text\"><\/p>\n\n\n\n<ul class=\"wp-block-list\">\n<li>Zasi\u0119g roboczy 12 metr\u00f3w<\/li>\n\n\n\n<li>Ud\u017awig kosza 160 kilogram\u00f3w<\/li>\n\n\n\n<li>\u0141apy boczne stabilizuj\u0105ce<\/li>\n\n\n\n<li>Sterowanie z pilota i z kosza<\/li>\n\n\n\n<li>Aktualne UDT i uprawnienia do obs\u0142ugi<\/li>\n<\/ul>\n\n\n<div class=\"gb-container gb-container-3b3600f1\">\n\n<a class=\"gb-button gb-button-39727953\" href=\"https:\/\/www.facebook.com\/FHUAVIS\"><span class=\"gb-icon\"><svg xmlns=\"http:\/\/www.w3.org\/2000\/svg\" viewBox=\"0 0 320 512\" width=\"1em\" height=\"1em\" aria-hidden=\"true\"><path d=\"M279.14 288l14.22-92.66h-88.91v-60.13c0-25.35 12.42-50.06 52.24-50.06h40.42V6.26S260.43 0 225.36 0c-73.22 0-121.08 44.38-121.08 124.72v70.62H22.89V288h81.39v224h100.17V288z\" fill=\"currentColor\"><\/path><\/svg><\/span><\/a>\n\n<\/div>\n<\/div><\/div>\n<\/div>\n<\/section>","protected":false},"excerpt":{"rendered":"<p>PODno\u015bnik koszowy Zajmujemy si\u0119 pracami z wykorzystaniem podno\u015bnika koszowego do wysoko\u015bci 12 m.<\/p>\n","protected":false},"author":1,"featured_media":0,"parent":0,"menu_order":0,"comment_status":"closed","ping_status":"closed","template":"","meta":{"footnotes":""},"class_list":["post-33","page","type-page","status-publish"],"_links":{"self":[{"href":"https:\/\/avis.strefa.pl\/index.php\/wp-json\/wp\/v2\/pages\/33","targetHints":{"allow":["GET"]}}],"collection":[{"href":"https:\/\/avis.strefa.pl\/index.php\/wp-json\/wp\/v2\/pages"}],"about":[{"href":"https:\/\/avis.strefa.pl\/index.php\/wp-json\/wp\/v2\/types\/page"}],"author":[{"embeddable":true,"href":"https:\/\/avis.strefa.pl\/index.php\/wp-json\/wp\/v2\/users\/1"}],"replies":[{"embeddable":true,"href":"https:\/\/avis.strefa.pl\/index.php\/wp-json\/wp\/v2\/comments?post=33"}],"version-history":[{"count":4,"href":"https:\/\/avis.strefa.pl\/index.php\/wp-json\/wp\/v2\/pages\/33\/revisions"}],"predecessor-version":[{"id":1743,"href":"https:\/\/avis.strefa.pl\/index.php\/wp-json\/wp\/v2\/pages\/33\/revisions\/1743"}],"wp:attachment":[{"href":"https:\/\/avis.strefa.pl\/index.php\/wp-json\/wp\/v2\/media?parent=33"}],"curies":[{"name":"wp","href":"https:\/\/api.w.org\/{rel}","templated":true}]}}