{"id":29,"date":"2021-11-27T22:40:19","date_gmt":"2021-11-27T22:40:19","guid":{"rendered":"https:\/\/plumber-gp.wordifysites.com\/?page_id=29"},"modified":"2023-10-11T12:11:59","modified_gmt":"2023-10-11T10:11:59","slug":"o-nas","status":"publish","type":"page","link":"https:\/\/avis.strefa.pl\/index.php\/o-nas\/","title":{"rendered":"O nas"},"content":{"rendered":"<section class=\"gb-container gb-container-089045e9\">\n\n<h2 class=\"gb-headline gb-headline-1274d019\"><span class=\"gb-icon\"><svg xmlns=\"http:\/\/www.w3.org\/2000\/svg\" width=\"16\" height=\"16\" class=\"bi bi-dash\" viewBox=\"0 0 16 16\">   <path d=\"M4 8a.5.5 0 0 1 .5-.5h7a.5.5 0 0 1 0 1h-7A.5.5 0 0 1 4 8z\"><\/path> <\/svg><\/span><span class=\"gb-headline-text\">Czym si\u0119 zajmujemy<\/span><\/h2>\n\n\n\n<p class=\"gb-headline gb-headline-d99fbab7 gb-headline-text\">AVIS<\/p>\n\n\n\n<p>Firma \u201eAVIS\u201d jest firm\u0105 stworzon\u0105 ca\u0142kowicie w oparciu o polski kapita\u0142. Firma zajmuje si\u0119 \u015bwiadczeniem us\u0142ug w dziedzinie elektroinstalatorstwa elektrycznego.<br>Oferujemy tak\u017ce kompleksow\u0105 opiek\u0119 serwisowo \u2013 techniczn\u0105 nad obiektami handlowymi, biurowymi oraz produkcyjnymi. W swoim portfolio mamy wiele zrealizowanych zlece\u0144 z zakresu: budownictwa jednorodzinnego, przemys\u0142owego. Prowadzili\u015bmy prace adaptacyjne lokali handlowych dla znanych marek dzia\u0142aj\u0105cych na naszym rynku oraz inwestor\u00f3w indywidualnych. \u015awiadcz\u0105 o tym wystawione przez inwestor\u00f3w referencje oraz funkcjonuj\u0105ce obiekty.<br> Naszymi klientami s\u0105 firmy prywatne, szko\u0142y, zak\u0142ady us\u0142ugowe, inwestorzy indywidualni.<\/p>\n\n\n<div class=\"gb-container gb-container-1cef5b04\">\n<div class=\"gb-container gb-container-3bb0ab60\" style=\"background-image: url(https:\/\/avis.strefa.pl\/wp-content\/uploads\/2023\/10\/foto-tlo2-1024x614.jpg);\"><\/div>\n\n<div class=\"gb-container gb-container-89af7de3\">\n\n<p class=\"gb-headline gb-headline-dd29b475\"><span class=\"gb-icon\"><svg viewBox=\"0 0 16 16\" class=\"bi bi-check2-square\" height=\"16\" width=\"16\" xmlns=\"http:\/\/www.w3.org\/2000\/svg\">   <path d=\"M3 14.5A1.5 1.5 0 0 1 1.5 13V3A1.5 1.5 0 0 1 3 1.5h8a.5.5 0 0 1 0 1H3a.5.5 0 0 0-.5.5v10a.5.5 0 0 0 .5.5h10a.5.5 0 0 0 .5-.5V8a.5.5 0 0 1 1 0v5a1.5 1.5 0 0 1-1.5 1.5H3z\"><\/path>   <path d=\"m8.354 10.354 7-7a.5.5 0 0 0-.708-.708L8 9.293 5.354 6.646a.5.5 0 1 0-.708.708l3 3a.5.5 0 0 0 .708 0z\"><\/path> <\/svg><\/span><span class=\"gb-headline-text\">Realizujemy sta\u0142e umowy z zakresu konserwacji i utrzymania urz\u0105dze\u0144 w sta\u0142ej gotowo\u015bci do pracy<\/span><\/p>\n\n\n\n<p class=\"gb-headline gb-headline-577c16af\"><span class=\"gb-icon\"><svg viewBox=\"0 0 16 16\" class=\"bi bi-check2-square\" height=\"16\" width=\"16\" xmlns=\"http:\/\/www.w3.org\/2000\/svg\">   <path d=\"M3 14.5A1.5 1.5 0 0 1 1.5 13V3A1.5 1.5 0 0 1 3 1.5h8a.5.5 0 0 1 0 1H3a.5.5 0 0 0-.5.5v10a.5.5 0 0 0 .5.5h10a.5.5 0 0 0 .5-.5V8a.5.5 0 0 1 1 0v5a1.5 1.5 0 0 1-1.5 1.5H3z\"><\/path>   <path d=\"m8.354 10.354 7-7a.5.5 0 0 0-.708-.708L8 9.293 5.354 6.646a.5.5 0 1 0-.708.708l3 3a.5.5 0 0 0 .708 0z\"><\/path> <\/svg><\/span><span class=\"gb-headline-text\">Zapewniamy konkurencyjne i przejrzyste ceny troszcz\u0105c si\u0119 o minimalizacj\u0119 Pa\u0144stwa koszt\u00f3w<\/span><\/p>\n\n\n\n<p class=\"gb-headline gb-headline-1285c212\"><span class=\"gb-icon\"><svg viewBox=\"0 0 16 16\" class=\"bi bi-check2-square\" height=\"16\" width=\"16\" xmlns=\"http:\/\/www.w3.org\/2000\/svg\">   <path d=\"M3 14.5A1.5 1.5 0 0 1 1.5 13V3A1.5 1.5 0 0 1 3 1.5h8a.5.5 0 0 1 0 1H3a.5.5 0 0 0-.5.5v10a.5.5 0 0 0 .5.5h10a.5.5 0 0 0 .5-.5V8a.5.5 0 0 1 1 0v5a1.5 1.5 0 0 1-1.5 1.5H3z\"><\/path>   <path d=\"m8.354 10.354 7-7a.5.5 0 0 0-.708-.708L8 9.293 5.354 6.646a.5.5 0 1 0-.708.708l3 3a.5.5 0 0 0 .708 0z\"><\/path> <\/svg><\/span><span class=\"gb-headline-text\">Gwarantujemy profesjonalizm i wysok\u0105 jako\u015b\u0107 \u015bwiadczonych us\u0142ug.<\/span><\/p>\n\n<\/div>\n<\/div>\n<\/section>\n\n<div class=\"gb-container gb-container-2165de3b\"><\/div>","protected":false},"excerpt":{"rendered":"<p>Czym si\u0119 zajmujemy AVIS Firma \u201eAVIS\u201d jest firm\u0105 stworzon\u0105 ca\u0142kowicie w oparciu o polski kapita\u0142. Firma zajmuje si\u0119 \u015bwiadczeniem us\u0142ug w dziedzinie elektroinstalatorstwa elektrycznego.Oferujemy tak\u017ce kompleksow\u0105 opiek\u0119 serwisowo \u2013 techniczn\u0105 nad obiektami handlowymi, biurowymi oraz produkcyjnymi. W swoim portfolio mamy wiele zrealizowanych zlece\u0144 z zakresu: budownictwa jednorodzinnego, przemys\u0142owego. Prowadzili\u015bmy prace adaptacyjne lokali handlowych dla znanych &#8230; <\/p>\n<p class=\"read-more-container\"><a title=\"O nas\" class=\"read-more button\" href=\"https:\/\/avis.strefa.pl\/index.php\/o-nas\/#more-29\" aria-label=\"More on O nas\">Czytaj dalej<\/a><\/p>\n","protected":false},"author":1,"featured_media":0,"parent":0,"menu_order":0,"comment_status":"closed","ping_status":"closed","template":"","meta":{"footnotes":""},"class_list":["post-29","page","type-page","status-publish"],"_links":{"self":[{"href":"https:\/\/avis.strefa.pl\/index.php\/wp-json\/wp\/v2\/pages\/29","targetHints":{"allow":["GET"]}}],"collection":[{"href":"https:\/\/avis.strefa.pl\/index.php\/wp-json\/wp\/v2\/pages"}],"about":[{"href":"https:\/\/avis.strefa.pl\/index.php\/wp-json\/wp\/v2\/types\/page"}],"author":[{"embeddable":true,"href":"https:\/\/avis.strefa.pl\/index.php\/wp-json\/wp\/v2\/users\/1"}],"replies":[{"embeddable":true,"href":"https:\/\/avis.strefa.pl\/index.php\/wp-json\/wp\/v2\/comments?post=29"}],"version-history":[{"count":3,"href":"https:\/\/avis.strefa.pl\/index.php\/wp-json\/wp\/v2\/pages\/29\/revisions"}],"predecessor-version":[{"id":1709,"href":"https:\/\/avis.strefa.pl\/index.php\/wp-json\/wp\/v2\/pages\/29\/revisions\/1709"}],"wp:attachment":[{"href":"https:\/\/avis.strefa.pl\/index.php\/wp-json\/wp\/v2\/media?parent=29"}],"curies":[{"name":"wp","href":"https:\/\/api.w.org\/{rel}","templated":true}]}}