{"id":31,"date":"2021-11-27T22:40:35","date_gmt":"2021-11-27T22:40:35","guid":{"rendered":"https:\/\/plumber-gp.wordifysites.com\/?page_id=31"},"modified":"2023-10-12T09:05:30","modified_gmt":"2023-10-12T07:05:30","slug":"uslugi","status":"publish","type":"page","link":"http:\/\/avis.strefa.pl\/index.php\/uslugi\/","title":{"rendered":"Us\u0142ugi"},"content":{"rendered":"<section class=\"gb-container gb-container-713c0e7a\">\n\n<h2 class=\"gb-headline gb-headline-1274d019\"><span class=\"gb-icon\"><svg xmlns=\"http:\/\/www.w3.org\/2000\/svg\" width=\"16\" height=\"16\" class=\"bi bi-dash\" viewBox=\"0 0 16 16\">   <path d=\"M4 8a.5.5 0 0 1 .5-.5h7a.5.5 0 0 1 0 1h-7A.5.5 0 0 1 4 8z\"><\/path> <\/svg><\/span><span class=\"gb-headline-text\">F.H.U. AVIS<\/span><\/h2>\n\n\n\n<p class=\"gb-headline gb-headline-d99fbab7 gb-headline-text\">Elektroinstalatorstwo<\/p>\n\n<\/section>\n\n<section class=\"gb-container gb-container-c1e212bf\">\n<div class=\"gb-container gb-container-4abfe38a\"><\/div>\n\n<div class=\"gb-container gb-container-b3c31a6f\">\n\n<h2 class=\"gb-headline gb-headline-7985734e gb-headline-text\">Projektujemy i wykonujemy<\/h2>\n\n\n\n<p style=\"font-size:15px\">Projektujemy i wykonujemy instalacje elektryczne do 1 kV, instalacje teletechniczne \u0142\u0105czno\u015bci i sterowania.<\/p>\n\n\n\n<p style=\"font-size:15px\">Projektujemy i wykonujemy instalacje TV i SAT. Projektujemy i realizujemy systemy kontroli dost\u0119pu, ochrony os\u00f3b i mienia (SSWiN, CCTV).<\/p>\n\n\n\n<p class=\"gb-headline gb-headline-dd29b475\"><span class=\"gb-icon\"><svg viewBox=\"0 0 16 16\" class=\"bi bi-check2-square\" height=\"16\" width=\"16\" xmlns=\"http:\/\/www.w3.org\/2000\/svg\">   <path d=\"M3 14.5A1.5 1.5 0 0 1 1.5 13V3A1.5 1.5 0 0 1 3 1.5h8a.5.5 0 0 1 0 1H3a.5.5 0 0 0-.5.5v10a.5.5 0 0 0 .5.5h10a.5.5 0 0 0 .5-.5V8a.5.5 0 0 1 1 0v5a1.5 1.5 0 0 1-1.5 1.5H3z\"><\/path>   <path d=\"m8.354 10.354 7-7a.5.5 0 0 0-.708-.708L8 9.293 5.354 6.646a.5.5 0 1 0-.708.708l3 3a.5.5 0 0 0 .708 0z\"><\/path> <\/svg><\/span><span class=\"gb-headline-text\">Realizujemy sta\u0142e umowy z zakresu konserwacji i utrzymania urz\u0105dze\u0144 w sta\u0142ej gotowo\u015bci do pracy<\/span><\/p>\n\n\n\n<p class=\"gb-headline gb-headline-577c16af\"><span class=\"gb-icon\"><svg viewBox=\"0 0 16 16\" class=\"bi bi-check2-square\" height=\"16\" width=\"16\" xmlns=\"http:\/\/www.w3.org\/2000\/svg\">   <path d=\"M3 14.5A1.5 1.5 0 0 1 1.5 13V3A1.5 1.5 0 0 1 3 1.5h8a.5.5 0 0 1 0 1H3a.5.5 0 0 0-.5.5v10a.5.5 0 0 0 .5.5h10a.5.5 0 0 0 .5-.5V8a.5.5 0 0 1 1 0v5a1.5 1.5 0 0 1-1.5 1.5H3z\"><\/path>   <path d=\"m8.354 10.354 7-7a.5.5 0 0 0-.708-.708L8 9.293 5.354 6.646a.5.5 0 1 0-.708.708l3 3a.5.5 0 0 0 .708 0z\"><\/path> <\/svg><\/span><span class=\"gb-headline-text\">Zapewniamy konkurencyjne i przejrzyste ceny troszcz\u0105c si\u0119 o minimalizacj\u0119 Pa\u0144stwa koszt\u00f3w<\/span><\/p>\n\n\n\n<p class=\"gb-headline gb-headline-1285c212\"><span class=\"gb-icon\"><svg viewBox=\"0 0 16 16\" class=\"bi bi-check2-square\" height=\"16\" width=\"16\" xmlns=\"http:\/\/www.w3.org\/2000\/svg\">   <path d=\"M3 14.5A1.5 1.5 0 0 1 1.5 13V3A1.5 1.5 0 0 1 3 1.5h8a.5.5 0 0 1 0 1H3a.5.5 0 0 0-.5.5v10a.5.5 0 0 0 .5.5h10a.5.5 0 0 0 .5-.5V8a.5.5 0 0 1 1 0v5a1.5 1.5 0 0 1-1.5 1.5H3z\"><\/path>   <path d=\"m8.354 10.354 7-7a.5.5 0 0 0-.708-.708L8 9.293 5.354 6.646a.5.5 0 1 0-.708.708l3 3a.5.5 0 0 0 .708 0z\"><\/path> <\/svg><\/span><span class=\"gb-headline-text\">Gwarantujemy profesjonalizm i wysok\u0105 jako\u015b\u0107 \u015bwiadczonych us\u0142ug<\/span><\/p>\n\n<\/div>\n<\/section>\n\n<section class=\"gb-container gb-container-45e97c79\">\n<div class=\"gb-container gb-container-1233a894\">\n\n<h2 class=\"gb-headline gb-headline-7fc92367 gb-headline-text\">Projektujemy i wykonujemy<\/h2>\n\n\n\n<p style=\"font-size:16px\">Projektujemy i wykonujemy sieci komputerowe. Montujemy centrale i systemy telefoniczne.<\/p>\n\n\n\n<p>Wykonujemy pomiary instalacji elektrycznych i odgromowych, nat\u0119\u017cenia o\u015bwietlenia i innych parametr\u00f3w na stanowisku pracy, remonty regulacje i naprawy hydrauliczne, prace remontowo \u2013 budowlane, malowanie i renowacja pomieszcze\u0144.<\/p>\n\n\n\n<p class=\"gb-headline gb-headline-836652db\"><span class=\"gb-icon\"><svg viewBox=\"0 0 16 16\" class=\"bi bi-check2-square\" height=\"16\" width=\"16\" xmlns=\"http:\/\/www.w3.org\/2000\/svg\">   <path d=\"M3 14.5A1.5 1.5 0 0 1 1.5 13V3A1.5 1.5 0 0 1 3 1.5h8a.5.5 0 0 1 0 1H3a.5.5 0 0 0-.5.5v10a.5.5 0 0 0 .5.5h10a.5.5 0 0 0 .5-.5V8a.5.5 0 0 1 1 0v5a1.5 1.5 0 0 1-1.5 1.5H3z\"><\/path>   <path d=\"m8.354 10.354 7-7a.5.5 0 0 0-.708-.708L8 9.293 5.354 6.646a.5.5 0 1 0-.708.708l3 3a.5.5 0 0 0 .708 0z\"><\/path> <\/svg><\/span><span class=\"gb-headline-text\">Realizujemy sta\u0142e umowy z zakresu konserwacji i utrzymania urz\u0105dze\u0144 w sta\u0142ej gotowo\u015bci do pracy<\/span><\/p>\n\n\n\n<p class=\"gb-headline gb-headline-88b7f5b1\"><span class=\"gb-icon\"><svg viewBox=\"0 0 16 16\" class=\"bi bi-check2-square\" height=\"16\" width=\"16\" xmlns=\"http:\/\/www.w3.org\/2000\/svg\">   <path d=\"M3 14.5A1.5 1.5 0 0 1 1.5 13V3A1.5 1.5 0 0 1 3 1.5h8a.5.5 0 0 1 0 1H3a.5.5 0 0 0-.5.5v10a.5.5 0 0 0 .5.5h10a.5.5 0 0 0 .5-.5V8a.5.5 0 0 1 1 0v5a1.5 1.5 0 0 1-1.5 1.5H3z\"><\/path>   <path d=\"m8.354 10.354 7-7a.5.5 0 0 0-.708-.708L8 9.293 5.354 6.646a.5.5 0 1 0-.708.708l3 3a.5.5 0 0 0 .708 0z\"><\/path> <\/svg><\/span><span class=\"gb-headline-text\">Zapewniamy konkurencyjne i przejrzyste ceny troszcz\u0105c si\u0119 o minimalizacj\u0119 Pa\u0144stwa koszt\u00f3w<\/span><\/p>\n\n\n\n<p class=\"gb-headline gb-headline-43007dac\"><span class=\"gb-icon\"><svg viewBox=\"0 0 16 16\" class=\"bi bi-check2-square\" height=\"16\" width=\"16\" xmlns=\"http:\/\/www.w3.org\/2000\/svg\">   <path d=\"M3 14.5A1.5 1.5 0 0 1 1.5 13V3A1.5 1.5 0 0 1 3 1.5h8a.5.5 0 0 1 0 1H3a.5.5 0 0 0-.5.5v10a.5.5 0 0 0 .5.5h10a.5.5 0 0 0 .5-.5V8a.5.5 0 0 1 1 0v5a1.5 1.5 0 0 1-1.5 1.5H3z\"><\/path>   <path d=\"m8.354 10.354 7-7a.5.5 0 0 0-.708-.708L8 9.293 5.354 6.646a.5.5 0 1 0-.708.708l3 3a.5.5 0 0 0 .708 0z\"><\/path> <\/svg><\/span><span class=\"gb-headline-text\">Gwarantujemy profesjonalizm i wysok\u0105 jako\u015b\u0107 \u015bwiadczonych us\u0142ug<\/span><\/p>\n\n<\/div>\n\n<div class=\"gb-container gb-container-6f0ef2d4\"><\/div>\n<\/section>\n\n<section class=\"gb-container gb-container-3a2f6edc\">\n<div class=\"gb-container gb-container-a222f2f1\"><\/div>\n\n<div class=\"gb-container gb-container-a0d4ee5a\">\n\n<h2 class=\"gb-headline gb-headline-f1f1ca61 gb-headline-text\">Wynajem zwy\u017cki<\/h2>\n\n\n\n<p style=\"font-size:18px\">Wykonujemy prace z wykorzystaniem podno\u015bnika koszowego.<\/p>\n\n\n\n<ul class=\"wp-block-list\">\n<li>Zasi\u0119g roboczy 12 metr\u00f3w<\/li>\n\n\n\n<li>Ud\u017awig kosza 160 kilogram\u00f3w<\/li>\n\n\n\n<li>\u0141apy boczne stabilizuj\u0105ce<\/li>\n\n\n\n<li>Sterowanie z pilota i z kosza<\/li>\n\n\n\n<li>Aktualne UDT i uprawnienia do obs\u0142ugi<\/li>\n<\/ul>\n\n\n\n<p class=\"gb-headline gb-headline-4d854223\"><span class=\"gb-icon\"><svg viewBox=\"0 0 16 16\" class=\"bi bi-check2-square\" height=\"16\" width=\"16\" xmlns=\"http:\/\/www.w3.org\/2000\/svg\">   <path d=\"M3 14.5A1.5 1.5 0 0 1 1.5 13V3A1.5 1.5 0 0 1 3 1.5h8a.5.5 0 0 1 0 1H3a.5.5 0 0 0-.5.5v10a.5.5 0 0 0 .5.5h10a.5.5 0 0 0 .5-.5V8a.5.5 0 0 1 1 0v5a1.5 1.5 0 0 1-1.5 1.5H3z\"><\/path>   <path d=\"m8.354 10.354 7-7a.5.5 0 0 0-.708-.708L8 9.293 5.354 6.646a.5.5 0 1 0-.708.708l3 3a.5.5 0 0 0 .708 0z\"><\/path> <\/svg><\/span><span class=\"gb-headline-text\">Realizujemy sta\u0142e umowy z zakresu konserwacji i utrzymania urz\u0105dze\u0144 w sta\u0142ej gotowo\u015bci do pracy<\/span><\/p>\n\n\n\n<p class=\"gb-headline gb-headline-469471cf\"><span class=\"gb-icon\"><svg viewBox=\"0 0 16 16\" class=\"bi bi-check2-square\" height=\"16\" width=\"16\" xmlns=\"http:\/\/www.w3.org\/2000\/svg\">   <path d=\"M3 14.5A1.5 1.5 0 0 1 1.5 13V3A1.5 1.5 0 0 1 3 1.5h8a.5.5 0 0 1 0 1H3a.5.5 0 0 0-.5.5v10a.5.5 0 0 0 .5.5h10a.5.5 0 0 0 .5-.5V8a.5.5 0 0 1 1 0v5a1.5 1.5 0 0 1-1.5 1.5H3z\"><\/path>   <path d=\"m8.354 10.354 7-7a.5.5 0 0 0-.708-.708L8 9.293 5.354 6.646a.5.5 0 1 0-.708.708l3 3a.5.5 0 0 0 .708 0z\"><\/path> <\/svg><\/span><span class=\"gb-headline-text\">Zapewniamy konkurencyjne i przejrzyste ceny troszcz\u0105c si\u0119 o minimalizacj\u0119 Pa\u0144stwa koszt\u00f3w<\/span><\/p>\n\n\n\n<p class=\"gb-headline gb-headline-4cc8f920\"><span class=\"gb-icon\"><svg viewBox=\"0 0 16 16\" class=\"bi bi-check2-square\" height=\"16\" width=\"16\" xmlns=\"http:\/\/www.w3.org\/2000\/svg\">   <path d=\"M3 14.5A1.5 1.5 0 0 1 1.5 13V3A1.5 1.5 0 0 1 3 1.5h8a.5.5 0 0 1 0 1H3a.5.5 0 0 0-.5.5v10a.5.5 0 0 0 .5.5h10a.5.5 0 0 0 .5-.5V8a.5.5 0 0 1 1 0v5a1.5 1.5 0 0 1-1.5 1.5H3z\"><\/path>   <path d=\"m8.354 10.354 7-7a.5.5 0 0 0-.708-.708L8 9.293 5.354 6.646a.5.5 0 1 0-.708.708l3 3a.5.5 0 0 0 .708 0z\"><\/path> <\/svg><\/span><span class=\"gb-headline-text\">Gwarantujemy profesjonalizm i wysok\u0105 jako\u015b\u0107 \u015bwiadczonych us\u0142ug<\/span><\/p>\n\n<\/div>\n<\/section>","protected":false},"excerpt":{"rendered":"<p>F.H.U. AVIS Elektroinstalatorstwo Projektujemy i wykonujemy Projektujemy i wykonujemy instalacje elektryczne do 1 kV, instalacje teletechniczne \u0142\u0105czno\u015bci i sterowania. Projektujemy i wykonujemy instalacje TV i SAT. Projektujemy i realizujemy systemy kontroli dost\u0119pu, ochrony os\u00f3b i mienia (SSWiN, CCTV). Realizujemy sta\u0142e umowy z zakresu konserwacji i utrzymania urz\u0105dze\u0144 w sta\u0142ej gotowo\u015bci do pracy Zapewniamy konkurencyjne i &#8230; <\/p>\n<p class=\"read-more-container\"><a title=\"Us\u0142ugi\" class=\"read-more button\" href=\"http:\/\/avis.strefa.pl\/index.php\/uslugi\/#more-31\" aria-label=\"More on Us\u0142ugi\">Czytaj dalej<\/a><\/p>\n","protected":false},"author":1,"featured_media":0,"parent":0,"menu_order":0,"comment_status":"closed","ping_status":"closed","template":"","meta":{"footnotes":""},"class_list":["post-31","page","type-page","status-publish"],"_links":{"self":[{"href":"http:\/\/avis.strefa.pl\/index.php\/wp-json\/wp\/v2\/pages\/31","targetHints":{"allow":["GET"]}}],"collection":[{"href":"http:\/\/avis.strefa.pl\/index.php\/wp-json\/wp\/v2\/pages"}],"about":[{"href":"http:\/\/avis.strefa.pl\/index.php\/wp-json\/wp\/v2\/types\/page"}],"author":[{"embeddable":true,"href":"http:\/\/avis.strefa.pl\/index.php\/wp-json\/wp\/v2\/users\/1"}],"replies":[{"embeddable":true,"href":"http:\/\/avis.strefa.pl\/index.php\/wp-json\/wp\/v2\/comments?post=31"}],"version-history":[{"count":9,"href":"http:\/\/avis.strefa.pl\/index.php\/wp-json\/wp\/v2\/pages\/31\/revisions"}],"predecessor-version":[{"id":1769,"href":"http:\/\/avis.strefa.pl\/index.php\/wp-json\/wp\/v2\/pages\/31\/revisions\/1769"}],"wp:attachment":[{"href":"http:\/\/avis.strefa.pl\/index.php\/wp-json\/wp\/v2\/media?parent=31"}],"curies":[{"name":"wp","href":"https:\/\/api.w.org\/{rel}","templated":true}]}}