{"id":1586,"date":"2021-05-30T14:08:16","date_gmt":"2021-05-30T13:08:16","guid":{"rendered":"https:\/\/plumber-gp.wordifysites.com\/?page_id=3"},"modified":"2023-10-11T12:47:12","modified_gmt":"2023-10-11T10:47:12","slug":"polityka-cookies","status":"publish","type":"page","link":"http:\/\/avis.strefa.pl\/index.php\/polityka-cookies\/","title":{"rendered":"Polityka cookies"},"content":{"rendered":"\n<p><strong>POLITYKA COOKIES<\/strong><br><strong>Strony Internetowej<\/strong><\/p>\n\n\n\n<p><strong>www.avis.strefa.pl<\/strong><\/p>\n\n\n\n<p><strong>Obowi\u0105zuje od 01 stycznia 2023 r.<\/strong><strong><\/strong><\/p>\n\n\n\n<p class=\"has-text-align-center\"><strong>\u00a71<\/strong><strong><\/strong><\/p>\n\n\n\n<p><strong>Postanowienia og\u00f3lne<\/strong><strong><\/strong><\/p>\n\n\n\n<ol class=\"wp-block-list\" type=\"1\">\n<li>W\u0142a\u015bcicielem Strony i Administratorem danych osobowych podawanych w trakcie korzystania ze Strony prowadzonej pod adresem www.avis.strefa.pl jest F.H.U. &#8222;AVIS&#8221; SYLWESTER WO\u0179NIAK, ul. Obuwnicza 9A, 26-110 Skar\u017cysko-Kamienna, tel. 600 856 227, NIP 6631064202, e-mail: avis@avis.strefa.pl<\/li>\n\n\n\n<li>Zasady przetwarzania danych osobowych zosta\u0142y udost\u0119pnione w Polityce Prywatno\u015bci RODO, dost\u0119pnej pod adresem: www.avis.strefa.pl\/polityka-prywatnosci\/<\/li>\n\n\n\n<li>Strona u\u017cywa plik\u00f3w cookies, aby dostarcza\u0107 us\u0142ugi i funkcje dostosowane do preferencji i potrzeb U\u017cytkownik\u00f3w strony, w szczeg\u00f3lno\u015bci pliki cookies pozwalaj\u0105 rozpozna\u0107 urz\u0105dzenie U\u017cytkownika i odpowiednio wy\u015bwietli\u0107 stron\u0119 internetow\u0105, dostosowan\u0105 do jego indywidualnych potrzeb.<\/li>\n<\/ol>\n\n\n\n<p class=\"has-text-align-center\"><strong>\u00a72<\/strong><strong><\/strong><\/p>\n\n\n\n<p><strong>Stosowane definicje<\/strong><strong><\/strong><\/p>\n\n\n\n<ol class=\"wp-block-list\" type=\"1\">\n<li><strong>Cookies<\/strong> &#8211; ma\u0142e pliki, kt\u00f3re s\u0105 pobierane i przechowywane na komputerze lub innym urz\u0105dzeniu U\u017cytkownika, powi\u0105zanym z informacjami o sposobie u\u017cytkowania strony.<\/li>\n\n\n\n<li><strong>U\u017cytkownik<\/strong> &#8211; osoba, kt\u00f3ra dobrowolnie korzysta z us\u0142ug i tre\u015bci dost\u0119pnych w Serwisie, tj. przegl\u0105da strony Serwisu lub kontaktuje si\u0119 z w\u0142a\u015bcicielem Serwisu poprzez formularz kontaktowy.<\/li>\n\n\n\n<li><strong>Serwis<\/strong> &#8211; serwis dost\u0119pny pod adresem www.avis.strefa.pl,&nbsp;za pomoc\u0105 kt\u00f3rego Kupuj\u0105cy mo\u017ce przegl\u0105da\u0107 zawarto\u015b\u0107 post\u00f3w blogowych lub skontaktowa\u0107 si\u0119 z Administratorem danych osobowych.<\/li>\n\n\n\n<li><strong>Dane osobowe<\/strong> &#8211; wszelkie informacje, kt\u00f3re bez nadmiernego czasu i kosztu mog\u0105 doprowadzi\u0107 do identyfikacji osoby fizycznej, w tym jej dane identyfikacyjne, adresowe i kontaktowe.<\/li>\n<\/ol>\n\n\n\n<p class=\"has-text-align-center\"><strong>\u00a73<\/strong><strong><\/strong><\/p>\n\n\n\n<p><strong>Cele cookies<\/strong><strong><\/strong><\/p>\n\n\n\n<ol class=\"wp-block-list\" type=\"1\">\n<li>Pliki cookies mog\u0105 mie\u0107 charakter tymczasowy, tj. s\u0105 usuwane z chwil\u0105 zamkni\u0119cia przegl\u0105darki, lub trwa\u0142y.<\/li>\n\n\n\n<li>Sta\u0142e pliki cookies s\u0105 przechowywane tak\u017ce po zako\u0144czeniu korzystania ze stron Serwisu i s\u0142u\u017c\u0105 do przechowywania informacji takich jak has\u0142o czy login, co przyspiesza i u\u0142atwia korzystanie ze stron, a tak\u017ce umo\u017cliwia zapami\u0119tanie wybranych przez U\u017cytkownika ustawie\u0144.<\/li>\n\n\n\n<li>Serwis wykorzystuje pliki cookies w nast\u0119puj\u0105cych celach:\n\n\n\n\n<ul class=\"wp-block-list\">\n<li><span style=\"background-color: var(--base-3); color: var(--contrast-2);\">dostosowania zawarto\u015bci stron Serwisu do indywidualnych preferencji U\u017cytkownika oraz optymalizacji korzystania ze stron internetowych (wy\u015bwietlanie dostosowane do potrzeb &#8211; cookies funkcjonalne),<\/span><\/li>\n\n\n\n<li><span style=\"background-color: var(--base-3); color: var(--contrast-2);\">dokonania analiz i statystyk, kt\u00f3re dostarcz\u0105 informacji, w jaki spos\u00f3b U\u017cytkownik Serwisu korzysta ze stron, co umo\u017cliwia ulepszanie ich struktury i zawarto\u015bci,<\/span><\/li>\n<\/ul>\n\n\n\n<ul class=\"wp-block-list\">\n<li>marketingowych i\/lub remarketingowych, w tym kierowania dedykowanych tre\u015bci, w szczeg\u00f3lno\u015bci do U\u017cytkownik\u00f3w, kt\u00f3rzy odwiedzili stron\u0119 internetow\u0105 lub Fanpage Administratora danych osobowych na portalu spo\u0142eczno\u015bciowym Facebook.<\/li>\n<\/ul>\n<\/li>\n\n\n\n<li>Dane zawarte w cookies b\u0119d\u0105 archiwizowane i wykorzystywane w celach analizy statystycznej i oceny globalnego ruchu u\u017cytkownik\u00f3w Serwisu.<\/li>\n\n\n\n<li>Dane zawarte w cookies nie s\u0105 \u0142\u0105czone z przekazanymi przez U\u017cytkownika danymi osobowymi podczas zawarcia umowy lub kontaktu z Administratorem danych.<\/li>\n<\/ol>\n\n\n\n<p class=\"has-text-align-center\"><strong>\u00a74<\/strong><strong><\/strong><\/p>\n\n\n\n<p><strong>Narz\u0119dzia zwi\u0105zane z gromadzeniem cookies lub udost\u0119pnianiem cookies.<\/strong><strong><\/strong><\/p>\n\n\n\n<p>W celu analizy ruchu na stronie Serwisu, \u017ar\u00f3d\u0142a ruchu, jak i optymalizacji dzia\u0142a\u0144 marketingowych zainstalowano na stronie:<\/p>\n\n\n\n<ol class=\"wp-block-list\" type=\"1\">\n<li><strong>Google Analytics <\/strong>&#8211; narz\u0119dzie dostarczane przez Google LLC. 1600 Amphitheatre Parkway Mountain View, CA 94043, USA, co pozwala na analiz\u0119 ruchu U\u017cytkownika na stronie Serwisu i jego podstronach (kraj\/miasto, liczba odwiedzin, przegl\u0105dane strony, czas odwiedzin, etc.).<\/li>\n<\/ol>\n\n\n\n<p>G\u0142\u00f3wny plik cookie u\u017cywany przez Google Analytics, \u201e_ga&#8221;, umo\u017cliwia us\u0142udze rozr\u00f3\u017cnianie poszczeg\u00f3lnych U\u017cytkownik\u00f3w i&nbsp;dzia\u0142a przez 2&nbsp;lata. Ka\u017cdy plik \u201e_ga\u201d jest unikalny dla konkretnej us\u0142ugi, wi\u0119c nie mo\u017cna go u\u017cy\u0107 do \u015bledzenia u\u017cytkownika lub przegl\u0105darki w&nbsp;innych, niepowi\u0105zanych witrynach.<\/p>\n\n\n\n<p>Ustawienia prywatno\u015bci w us\u0142ugach Google mog\u0105 zosta\u0107 zmienione przez U\u017cytkownika, wi\u0119cej informacji na: <a href=\"https:\/\/policies.google.com\/privacy\">https:\/\/policies.google.com\/privacy<\/a><\/p>\n\n\n\n<p>W celu sta\u0142ego zablokowania cookies gromadzonych przez Google Analytics, U\u017cytkownik mo\u017ce skorzysta\u0107 z dodatku do przegl\u0105darki opracowanego i dostarczanego przez Google LLC na stronie: <a href=\"https:\/\/tools.google.com\/dlpage\/gaoptout\">https:\/\/tools.google.com\/dlpage\/gaoptout<\/a><\/p>\n\n\n\n<ul class=\"wp-block-list\">\n<li><strong>Piksel Facebooka<\/strong> &#8211; narz\u0119dzie dostarczane przez Meta Platforms, Inc., Menlo Park,California\/Meta Platforms Ireland Limited (dawniej: Facebook Inc.),&nbsp;kt\u00f3re umo\u017cliwia pomiar, optymalizacj\u0119 i tworzenie niestandardowych grup odbiorc\u00f3w, pozwala na zbieranie informacji na temat korzystania przez U\u017cytkownika ze strony Serwisu i kierowanie do niego dedykowanych tre\u015bci w serwisie spo\u0142eczno\u015bciowym Facebook.<\/li>\n<\/ul>\n\n\n\n<p>W celu kontroli ustawie\u0144 prywatno\u015bci w tym serwisie spo\u0142eczno\u015bciowym U\u017cytkownik mo\u017ce dokona\u0107 w dowolnym momencie zmiany swoich preferencji i ustawie\u0144. Wi\u0119cej informacji na: <a href=\"https:\/\/www.facebook.com\/privacy\/\">https:\/\/www.facebook.com\/privacy\/<\/a><\/p>\n\n\n\n<p>Piksel Facebooka pozwala na tworzenie niestandardowych grup odbiorc\u00f3w i\/lub podobnych grup odbiorc\u00f3w do os\u00f3b, kt\u00f3re wchodzi\u0142y ju\u017c w interakcj\u0119 z Serwisem lub materia\u0142ami Administratora danych udost\u0119pnionymi na portalach spo\u0142eczno\u015bciowych Facebook, prowadzonych przez Administratora danych, przy czym retencja danych dostarczanych przez piksel Facebooka w szczeg\u00f3lno\u015bci wynosi odpowiednio:<\/p>\n\n\n\n<ul class=\"wp-block-list\">\n<li><strong>witryna<\/strong> internetowa (Serwis) &#8211; maksymalnie 180 dni od interakcji z witryn\u0105,<\/li>\n\n\n\n<li><span style=\"background-color: var(--base-3); color: var(--contrast-2);\"><strong>fanpage <\/strong>na Facebooku &#8211; maksymalnie 365 dni od interakcji z kontem<\/span>,<\/li>\n\n\n\n<li><span style=\"background-color: var(--base-3); color: var(--contrast-2);\"><strong>film <\/strong>udost\u0119pniony na fanpage\u2019 u Administratora na Facebooku &#8211; maksymalnie 365 dni od interakcji z materia\u0142em,<\/span><\/li>\n\n\n\n<li><strong>wydarzenia<\/strong> <span style=\"background-color: var(--base-3); color: var(--contrast-2);\">organizowane lub wsp\u00f3\u0142organizowane przez Administratora na fanpage\u2019u na Facebooku &#8211; maksymalnie 365 dni od interakcji z materia\u0142em<\/span>,<\/li>\n\n\n\n<li><strong style=\"background-color: var(--base-3); color: var(--contrast-2);\">Messenger Facebooka<\/strong><span style=\"background-color: var(--base-3); color: var(--contrast-2);\"> &#8211; narz\u0119dzie dostarczane przez Meta Platforms, Inc., Menlo Park,California\/Meta Platforms Ireland Limited (dawniej: Facebook Inc.),&nbsp;kt\u00f3re umo\u017cliwia kontaktowanie si\u0119 U\u017cytkownika z w\u0142a\u015bcicielem Serwisu poprzez Messenger w serwisie spo\u0142eczno\u015bciowym Facebook. Korzystanie z czatu Facebooka na stronie Serwisu jest dobrowolne. U\u017cytkownik mo\u017ce prowadzi\u0107 rozmow\u0119 jako go\u015b\u0107 lub zalogowa\u0107 si\u0119 na swoje konto w tym serwisie. Wi\u0119cej informacji na: <\/span><a style=\"background-color: var(--base-3);\" href=\"https:\/\/www.facebook.com\/privacy\/\">https:\/\/www.facebook.com\/privacy\/<\/a><\/li>\n\n\n\n<li><strong style=\"background-color: var(--base-3); color: var(--contrast-2);\">Wtyczk\u0119\/Widget Facebooka<\/strong><span style=\"background-color: var(--base-3); color: var(--contrast-2);\"> &#8211; narz\u0119dzie umo\u017cliwiaj\u0105ce bezpo\u015brednie przej\u015bcie U\u017cytkownika na Fanpage Administratora danych, prowadzony na stronie portalu spo\u0142eczno\u015bciowego Facebook, prowadzonego na portalu dostarczanym przez Meta Platforms, Inc., Menlo Park,California\/Meta Platforms Ireland Limited (dawniej: Facebook Inc.). Po przej\u015bciu do serwisu spo\u0142eczno\u015bciowego Facebook U\u017cytkownicy podlegaj\u0105 dodatkowo zasadom ochrony prywatno\u015bci, opisanym w tym serwisie, w szczeg\u00f3lno\u015bci na stronie: <\/span><a style=\"background-color: var(--base-3);\" href=\"https:\/\/www.facebook.com\/privacy\/\">https:\/\/www.facebook.com\/privacy\/<\/a><\/li>\n\n\n\n<li><strong style=\"background-color: var(--base-3); color: var(--contrast-2);\">Wtyczk\u0119\/Widget YouTube<\/strong><span style=\"background-color: var(--base-3); color: var(--contrast-2);\"> &#8211; umo\u017cliwia przej\u015bcie U\u017cytkownika do kana\u0142u YouTube&nbsp; &#8211; prowadzonego przez Administratora danych w tym serwisie. Narz\u0119dzie dostarczane przez Google LLC. 1600 Amphitheatre Parkway Mountain View, CA 94043, USA, kt\u00f3rego U\u017cytkownicy podlegaj\u0105 dodatkowo zasadom ochrony prywatno\u015bci, opisanym w tym serwisie, w szczeg\u00f3lno\u015bci na stronie: <\/span><a style=\"background-color: var(--base-3);\" href=\"https:\/\/policies.google.com\/privacy\">https:\/\/policies.google.com\/privacy<\/a><\/li>\n\n\n\n<li><strong>Przetwarzanie<\/strong> danych zawartych w cookies przez dostawc\u00f3w, kt\u00f3rych siedziby i\/lub serwery s\u0105 zlokalizowane w pa\u0144stwie trzecim, tj. na terenie Stan\u00f3w Zjednoczonych Ameryki (USA) b\u0119dzie si\u0119 wi\u0105za\u0107 z przekazaniem danych zawartych w cookies poza Europejski Obszar Gospodarczy (EOG). Przekazanie danych zawartych w cookies, w szczeg\u00f3lno\u015bci adres IP u\u017cytkownika odbywa si\u0119 na podstawie decyzji Komisji Europejskiej z 10 lipca 2023 r. stwierdzaj\u0105cej odpowiedni stopie\u0144 ochrony danych osobowych zapewniony przez tzw. &#8222;Ramy ochrony danych UE-USA\u201d (EU-US Data Privacy Framework) w stosunku do dostawc\u00f3w wpisanych na list\u0119 departamentu handlu USA, jak: <strong>Google LLC. 1600 Amphitheatre Parkway Mountain View, CA 94043, USA; Meta Platforms, Inc., Menlo Park, California, USA.<\/strong><\/li>\n<\/ul>\n\n\n\n<p class=\"has-text-align-center\"><strong>\u00a75<\/strong><strong><\/strong><\/p>\n\n\n\n<p><strong>Akceptacja lub zmiana ustawie\u0144 cookies.<\/strong><strong><\/strong><\/p>\n\n\n\n<ol class=\"wp-block-list\" type=\"1\">\n<li>U\u017cytkownik po wej\u015bciu na stron\u0119 Sklepu\/Serwisu mo\u017ce zaakceptowa\u0107 stosowanie cookies w powy\u017cszych celach, odrzuci\u0107 je lub wyrazi\u0107 zgod\u0119 tylko na wybrane pliki cookies.<\/li>\n\n\n\n<li>U\u017cytkownik mo\u017ce w ka\u017cdej chwili tak\u017ce skasowa\u0107 i\/lub wy\u0142\u0105czy\u0107 cookies w przegl\u0105darce internetowej, z kt\u00f3rej korzysta podczas przegl\u0105dania Serwisu\/Sklepu.<\/li>\n\n\n\n<li>Skasowanie lub wy\u0142\u0105czenie plik\u00f3w cookies mo\u017ce spowodowa\u0107 trudno\u015bci lub ograniczon\u0105 funkcjonalno\u015b\u0107 niekt\u00f3rych cz\u0119\u015bci Serwisu (dotyczy cookies funkcjonalnych). Niekt\u00f3re pliki cookies mog\u0105 by\u0107 bowiem niezb\u0119dne do prawid\u0142owego dzia\u0142ania stron Serwisu i wy\u015bwietlenia tre\u015bci na danym rodzaju urz\u0105dzenia.<\/li>\n\n\n\n<li>W celu zarz\u0105dzania cookies U\u017cytkownik mo\u017ce skorzysta\u0107 tak\u017ce z funkcji dost\u0119pnych w przegl\u0105darce, z kt\u00f3rej aktualnie korzysta. Instrukcje zarz\u0105dzania cookies dost\u0119pne s\u0105 na stronach dostawc\u00f3w przegl\u0105darek internetowych, w szczeg\u00f3lno\u015bci:\n<ul class=\"wp-block-list\">\n<li><a href=\"https:\/\/support.google.com\/accounts\/answer\/61416?co=GENIE.Platform=Desktop&amp;hl=en\">Google Chrome &#8211; instrukcja<\/a><\/li>\n\n\n\n<li><a href=\"https:\/\/support.mozilla.org\/en-US\/kb\/enhanced-tracking-protection-firefox-desktop?redirectslug=enable-and-disable-cookies-website-preferences&amp;redirectlocale=en-US\">Mozilla Firefox &#8211; instrukcja<\/a><\/li>\n\n\n\n<li><a href=\"https:\/\/support.apple.com\/en-gb\/guide\/safari\/sfri11471\/mac\">Apple Safari &#8211; instrukcja<\/a><\/li>\n\n\n\n<li><a href=\"https:\/\/support.microsoft.com\/pl-pl\/microsoft-edge\/usuwanie-plik%C3%B3w-cookie-w-przegl%C4%85darce-microsoft-edge-63947406-40ac-c3b8-57b9-2a946a29ae09\">Microsoft Edge &#8211; instrukcja<\/a><\/li>\n<\/ul>\n<\/li>\n<\/ol>\n\n\n\n<p class=\"has-text-align-center\"><strong>\u00a76<\/strong><strong><\/strong><\/p>\n\n\n\n<p><strong>Postanowienia ko\u0144cowe<\/strong><strong><\/strong><\/p>\n\n\n\n<p>W przypadku zmiany obowi\u0105zuj\u0105cej Polityki cookies, w szczeg\u00f3lno\u015bci w sytuacji, gdy b\u0119d\u0105 tego wymaga\u0142y zastosowane rozwi\u0105zania techniczne lub zmiany przepis\u00f3w prawa w zakresie prywatno\u015bci U\u017cytkownik\u00f3w, wprowadzone zostan\u0105 odpowiednie modyfikacje do powy\u017cszego zapisu, kt\u00f3re b\u0119d\u0105 obowi\u0105zywa\u0107 po 14 dniach od dnia ich publikacji na stronach Serwisu.<\/p>\n","protected":false},"excerpt":{"rendered":"<p>POLITYKA COOKIESStrony Internetowej www.avis.strefa.pl Obowi\u0105zuje od 01 stycznia 2023 r. \u00a71 Postanowienia og\u00f3lne \u00a72 Stosowane definicje \u00a73 Cele cookies \u00a74 Narz\u0119dzia zwi\u0105zane z gromadzeniem cookies lub udost\u0119pnianiem cookies. W celu analizy ruchu na stronie Serwisu, \u017ar\u00f3d\u0142a ruchu, jak i optymalizacji dzia\u0142a\u0144 marketingowych zainstalowano na stronie: G\u0142\u00f3wny plik cookie u\u017cywany przez Google Analytics, \u201e_ga&#8221;, umo\u017cliwia us\u0142udze &#8230; <\/p>\n<p class=\"read-more-container\"><a title=\"Polityka cookies\" class=\"read-more button\" href=\"http:\/\/avis.strefa.pl\/index.php\/polityka-cookies\/#more-1586\" aria-label=\"More on Polityka cookies\">Czytaj dalej<\/a><\/p>\n","protected":false},"author":1,"featured_media":0,"parent":0,"menu_order":0,"comment_status":"closed","ping_status":"open","template":"","meta":{"footnotes":""},"class_list":["post-1586","page","type-page","status-publish"],"_links":{"self":[{"href":"http:\/\/avis.strefa.pl\/index.php\/wp-json\/wp\/v2\/pages\/1586","targetHints":{"allow":["GET"]}}],"collection":[{"href":"http:\/\/avis.strefa.pl\/index.php\/wp-json\/wp\/v2\/pages"}],"about":[{"href":"http:\/\/avis.strefa.pl\/index.php\/wp-json\/wp\/v2\/types\/page"}],"author":[{"embeddable":true,"href":"http:\/\/avis.strefa.pl\/index.php\/wp-json\/wp\/v2\/users\/1"}],"replies":[{"embeddable":true,"href":"http:\/\/avis.strefa.pl\/index.php\/wp-json\/wp\/v2\/comments?post=1586"}],"version-history":[{"count":2,"href":"http:\/\/avis.strefa.pl\/index.php\/wp-json\/wp\/v2\/pages\/1586\/revisions"}],"predecessor-version":[{"id":1751,"href":"http:\/\/avis.strefa.pl\/index.php\/wp-json\/wp\/v2\/pages\/1586\/revisions\/1751"}],"wp:attachment":[{"href":"http:\/\/avis.strefa.pl\/index.php\/wp-json\/wp\/v2\/media?parent=1586"}],"curies":[{"name":"wp","href":"https:\/\/api.w.org\/{rel}","templated":true}]}}